{"id":178,"date":"2017-03-10T09:55:49","date_gmt":"2017-03-10T08:55:49","guid":{"rendered":"http:\/\/whgmbh.de\/ugruppe\/?page_id=178"},"modified":"2024-01-15T16:43:16","modified_gmt":"2024-01-15T15:43:16","slug":"anfahrt","status":"publish","type":"page","link":"https:\/\/whgmbh.de\/ugruppe\/anfahrt\/","title":{"rendered":"Anfahrt"},"content":{"rendered":"<p><img decoding=\"async\" loading=\"lazy\" class=\"alignright size-medium wp-image-95\" src=\"http:\/\/whgmbh.de\/ugruppe\/wp-content\/uploads\/2017\/01\/whg-9994-300x199.jpg\" alt=\"\" width=\"210\" height=\"109\" \/><br \/>\nWei\u00dfenfelser Handels-Gesellschaft mbH<br \/>\nAlfred-Junge-Stra\u00dfe 28<br \/>\n06667 Wei\u00dfenfels<\/p>\n<div style=\"clear: both;\">kostenlose Parkm\u00f6glichkeiten sind vorhanden<\/p>\n<\/div>\n<div><a href=\"https:\/\/www.google.de\/maps\/place\/WHG+Wirtschaftsberatung-+und+Handelsgesellschaft+mbH\/@51.2002933,11.9850313,17z\/data=!3m1!4b1!4m5!3m4!1s0x47a692498ece4109:0x20aeda6bdddad0cc!8m2!3d51.20029!4d11.98722\" target=\"_blank\" rel=\"noopener\">in google-maps \u00f6ffnen<\/a><\/div>\n","protected":false},"excerpt":{"rendered":"<p>Wei\u00dfenfelser Handels-Gesellschaft mbH Alfred-Junge-Stra\u00dfe 28 06667 Wei\u00dfenfels kostenlose Parkm\u00f6glichkeiten sind vorhanden in google-maps \u00f6ffnen<\/p>\n","protected":false},"author":1,"featured_media":0,"parent":0,"menu_order":0,"comment_status":"closed","ping_status":"closed","template":"","meta":[],"_links":{"self":[{"href":"https:\/\/whgmbh.de\/ugruppe\/wp-json\/wp\/v2\/pages\/178"}],"collection":[{"href":"https:\/\/whgmbh.de\/ugruppe\/wp-json\/wp\/v2\/pages"}],"about":[{"href":"https:\/\/whgmbh.de\/ugruppe\/wp-json\/wp\/v2\/types\/page"}],"author":[{"embeddable":true,"href":"https:\/\/whgmbh.de\/ugruppe\/wp-json\/wp\/v2\/users\/1"}],"replies":[{"embeddable":true,"href":"https:\/\/whgmbh.de\/ugruppe\/wp-json\/wp\/v2\/comments?post=178"}],"version-history":[{"count":31,"href":"https:\/\/whgmbh.de\/ugruppe\/wp-json\/wp\/v2\/pages\/178\/revisions"}],"predecessor-version":[{"id":1015,"href":"https:\/\/whgmbh.de\/ugruppe\/wp-json\/wp\/v2\/pages\/178\/revisions\/1015"}],"wp:attachment":[{"href":"https:\/\/whgmbh.de\/ugruppe\/wp-json\/wp\/v2\/media?parent=178"}],"curies":[{"name":"wp","href":"https:\/\/api.w.org\/{rel}","templated":true}]}}