{"id":30,"date":"2017-01-29T00:00:02","date_gmt":"2017-01-28T23:00:02","guid":{"rendered":"http:\/\/whgmbh.de\/ugruppe\/?page_id=30"},"modified":"2024-03-18T16:36:29","modified_gmt":"2024-03-18T15:36:29","slug":"unternehmensgruppe","status":"publish","type":"page","link":"https:\/\/whgmbh.de\/ugruppe\/unternehmensgruppe\/","title":{"rendered":"Unternehmensgruppe"},"content":{"rendered":"\n<p><b>Die WHG Wei\u00dfenfelser Handels-Gesellschaft mbH<\/b><\/p>\n\n\n\n<div class=\"is-layout-flex wp-container-3 wp-block-columns alignwide has-2-columns\">\n<div class=\"is-layout-flow wp-block-column\">\n<p>wurde 1991 gegr\u00fcndet und ist im Handelsregister&nbsp;des Amtsgerichts Halle-Saalkreis unter HRB-2155 eingetragen. <strong>Gegenstand<\/strong> des Unternehmens ist die Produktion, der Einkauf und Verkauf von Food- und Non-Food-Produkten einschlie\u00dflich Ex- und Import, Produkt- und Handelsmarketing. In seiner Handelst\u00e4tigkeit ist das Unternehmen auf den Absatz von S\u00fc\u00df- und Dauerbackwaren spezialisiert.<\/p>\n\n\n\n<p><\/p>\n<\/div>\n\n\n\n<div class=\"is-layout-flow wp-block-column\"><div class=\"wp-block-image\">\n<figure class=\"aligncenter is-resized\"><img decoding=\"async\" loading=\"lazy\" src=\"https:\/\/whgmbh.de\/ugruppe\/wp-content\/uploads\/2017\/01\/whg-9994-1024x680.jpg\" alt=\"\" class=\"wp-image-95\" width=\"256\" height=\"170\" srcset=\"https:\/\/whgmbh.de\/ugruppe\/wp-content\/uploads\/2017\/01\/whg-9994-1024x680.jpg 1024w, https:\/\/whgmbh.de\/ugruppe\/wp-content\/uploads\/2017\/01\/whg-9994-300x199.jpg 300w, https:\/\/whgmbh.de\/ugruppe\/wp-content\/uploads\/2017\/01\/whg-9994-768x510.jpg 768w\" sizes=\"(max-width: 256px) 100vw, 256px\" \/><figcaption class=\"wp-element-caption\">WHG Zentrale in Wei\u00dfenfels<\/figcaption><\/figure><\/div>\n\n\n<p><\/p>\n<\/div>\n<\/div>\n\n\n<div class=\"wp-block-image\">\n<figure class=\"aligncenter size-full is-resized\"><img decoding=\"async\" loading=\"lazy\" src=\"https:\/\/whgmbh.de\/ugruppe\/wp-content\/uploads\/2024\/03\/Heineman_sr._Heinemann_jr_freigestellt.png\" alt=\"\" class=\"wp-image-1054\" width=\"393\" height=\"408\" srcset=\"https:\/\/whgmbh.de\/ugruppe\/wp-content\/uploads\/2024\/03\/Heineman_sr._Heinemann_jr_freigestellt.png 786w, https:\/\/whgmbh.de\/ugruppe\/wp-content\/uploads\/2024\/03\/Heineman_sr._Heinemann_jr_freigestellt-289x300.png 289w, https:\/\/whgmbh.de\/ugruppe\/wp-content\/uploads\/2024\/03\/Heineman_sr._Heinemann_jr_freigestellt-768x797.png 768w\" sizes=\"(max-width: 393px) 100vw, 393px\" \/><figcaption class=\"wp-element-caption\">Dr. Michael Heinemann &amp; Dr. Markus Heinemann<\/figcaption><\/figure><\/div>\n\n\n<div style=\"height:43px\" aria-hidden=\"true\" class=\"wp-block-spacer\"><\/div>\n\n\n\n<p>Die WHG Wei\u00dfenfelser Handels-Gesellschaft mbH ist Haupt-Gesellschafterin ihrer <strong>Tochterunternehmen<\/strong>:<\/p>\n\n\n\n<div class=\"is-layout-flex wp-container-10 wp-block-columns is-style-twentytwentyone-columns-overlap\">\n<div class=\"is-layout-flow wp-block-column flexslider\" style=\"flex-basis:100%\">\n<div class=\"is-layout-flex wp-container-8 wp-block-columns is-style-twentytwentyone-columns-overlap has-medium-font-size\">\n<div class=\"is-layout-flow wp-block-column is-vertically-aligned-center\">\n<ul>\n<li><a rel=\"noreferrer noopener\" href=\"http:\/\/www.filinchen.de\/\" target=\"_blank\">GUTENA Nahrungsmittel GmbH<\/a><\/li>\n\n\n\n<li><a rel=\"noreferrer noopener\" href=\"http:\/\/www.neukircher-zwieback.de\/\" target=\"_blank\">Neukircher Zwieback GmbH<\/a><\/li>\n\n\n\n<li><a href=\"http:\/\/www.spreewaffel.de\/\">SPREEwaffel Berlin-Pankow GmbH<\/a><\/li>\n<\/ul>\n<\/div>\n\n\n\n<div class=\"is-layout-flow wp-block-column is-vertically-aligned-top\">\n<figure class=\"is-layout-flex wp-block-gallery-5 wp-block-gallery aligncenter has-nested-images columns-default is-cropped\">\n<figure class=\"wp-block-image size-full is-style-default\"><img decoding=\"async\" loading=\"lazy\" width=\"300\" height=\"181\" src=\"https:\/\/whgmbh.de\/ugruppe\/wp-content\/uploads\/2024\/01\/filinchen.png\" alt=\"\" class=\"wp-image-1012\"\/><\/figure>\n<\/figure>\n<\/div>\n<\/div>\n<\/div>\n<\/div>\n\n\n\n<p>und vermarktet vorrangig die Produkte Filinchen-Knusperbrot und Original Neukircher Zwieback sowie Waffeln aus Berlin. F\u00fcr die Produkte ihrer Unternehmen hat die WHG Wei\u00dfenfelser Handels-Gesellschaft mbH das nationale und internationale Alleinvertriebsrecht.<\/p>\n\n\n<div class=\"wp-block-image\">\n<figure class=\"aligncenter size-full\"><img decoding=\"async\" loading=\"lazy\" width=\"805\" height=\"495\" src=\"https:\/\/whgmbh.de\/ugruppe\/wp-content\/uploads\/2024\/01\/Unternehmensstruktur.png\" alt=\"\" class=\"wp-image-1013\" srcset=\"https:\/\/whgmbh.de\/ugruppe\/wp-content\/uploads\/2024\/01\/Unternehmensstruktur.png 805w, https:\/\/whgmbh.de\/ugruppe\/wp-content\/uploads\/2024\/01\/Unternehmensstruktur-300x184.png 300w, https:\/\/whgmbh.de\/ugruppe\/wp-content\/uploads\/2024\/01\/Unternehmensstruktur-768x472.png 768w\" sizes=\"(max-width: 805px) 100vw, 805px\" \/><\/figure><\/div>\n\n\n<p><\/p>\n\n\n\n<p>Die WHG Wei\u00dfenfelser Handels-Gesellschaft mbH arbeitet aktiv im:<\/p>\n\n\n\n<ul>\n<li><a href=\"https:\/\/www.sg-network.org\/de\" target=\"_blank\" rel=\"noopener\">Sweets Global Network e.V.<\/a><\/li>\n\n\n\n<li><a href=\"http:\/\/www.markenverband.de\/\" target=\"_blank\" rel=\"noopener\">Markenverband e.V.<\/a><\/li>\n\n\n\n<li><a href=\"https:\/\/www.germansweets.de\/\" target=\"_blank\" rel=\"noopener\">German Sweets S\u00fc\u00dfwarenexportf\u00f6rderung e.V.<\/a><\/li>\n<\/ul>\n\n\n\n<p>Die Firmen GUTENA Nahrungsmittel GmbH und Neukircher Zwieback GmbH sind Mitglied im BDSI Bundesverband der Deutschen S\u00fc\u00dfwarenindustrie e.V.<\/p>\n","protected":false},"excerpt":{"rendered":"<p>Die WHG Wei\u00dfenfelser Handels-Gesellschaft mbH wurde 1991 gegr\u00fcndet und ist im Handelsregister&nbsp;des Amtsgerichts Halle-Saalkreis unter HRB-2155 eingetragen. Gegenstand des Unternehmens ist die Produktion, der &hellip; <a href=\"https:\/\/whgmbh.de\/ugruppe\/unternehmensgruppe\/\" class=\"readmore\">More <span class=\"screen-reader-text\">Unternehmensgruppe<\/span> &raquo;<\/a><\/p>\n","protected":false},"author":1,"featured_media":0,"parent":0,"menu_order":0,"comment_status":"closed","ping_status":"closed","template":"template-fullwidth.php","meta":[],"_links":{"self":[{"href":"https:\/\/whgmbh.de\/ugruppe\/wp-json\/wp\/v2\/pages\/30"}],"collection":[{"href":"https:\/\/whgmbh.de\/ugruppe\/wp-json\/wp\/v2\/pages"}],"about":[{"href":"https:\/\/whgmbh.de\/ugruppe\/wp-json\/wp\/v2\/types\/page"}],"author":[{"embeddable":true,"href":"https:\/\/whgmbh.de\/ugruppe\/wp-json\/wp\/v2\/users\/1"}],"replies":[{"embeddable":true,"href":"https:\/\/whgmbh.de\/ugruppe\/wp-json\/wp\/v2\/comments?post=30"}],"version-history":[{"count":27,"href":"https:\/\/whgmbh.de\/ugruppe\/wp-json\/wp\/v2\/pages\/30\/revisions"}],"predecessor-version":[{"id":1055,"href":"https:\/\/whgmbh.de\/ugruppe\/wp-json\/wp\/v2\/pages\/30\/revisions\/1055"}],"wp:attachment":[{"href":"https:\/\/whgmbh.de\/ugruppe\/wp-json\/wp\/v2\/media?parent=30"}],"curies":[{"name":"wp","href":"https:\/\/api.w.org\/{rel}","templated":true}]}}