{"id":35,"date":"2017-01-29T00:13:32","date_gmt":"2017-01-28T23:13:32","guid":{"rendered":"http:\/\/whgmbh.de\/ugruppe\/?page_id=35"},"modified":"2025-07-23T11:41:02","modified_gmt":"2025-07-23T09:41:02","slug":"kontakt","status":"publish","type":"page","link":"https:\/\/whgmbh.de\/ugruppe\/kontakt\/","title":{"rendered":"Kontakt"},"content":{"rendered":"\n<p class=\"ueberschrift\"><b>Anschrift:<\/b><\/p>\n\n\n\n<p>Wei\u00dfenfelser Handels-Gesellschaft mbH<br>Alfred-Junge-Stra\u00dfe 28<br>06667 Wei\u00dfenfels<\/p>\n\n\n\n<hr class=\"wp-block-separator has-css-opacity\"\/>\n\n\n\n<p class=\"ueberschrift\"><b>Gesch\u00e4ftsleitung<\/b><\/p>\n\n\n\n<div class=\"is-layout-flex wp-container-4 wp-block-columns alignwide has-3-columns leitung\">\n<div class=\"is-layout-flow wp-block-column\"><div class=\"wp-block-image\">\n<figure class=\"aligncenter size-full\"><img decoding=\"async\" loading=\"lazy\" width=\"786\" height=\"816\" src=\"https:\/\/whgmbh.de\/ugruppe\/wp-content\/uploads\/2024\/03\/Heineman_sr._Heinemann_jr_freigestellt.png\" alt=\"\" class=\"wp-image-1054\" srcset=\"https:\/\/whgmbh.de\/ugruppe\/wp-content\/uploads\/2024\/03\/Heineman_sr._Heinemann_jr_freigestellt.png 786w, https:\/\/whgmbh.de\/ugruppe\/wp-content\/uploads\/2024\/03\/Heineman_sr._Heinemann_jr_freigestellt-289x300.png 289w, https:\/\/whgmbh.de\/ugruppe\/wp-content\/uploads\/2024\/03\/Heineman_sr._Heinemann_jr_freigestellt-768x797.png 768w\" sizes=\"(max-width: 786px) 100vw, 786px\" \/><figcaption class=\"wp-element-caption\"> <br>Dr. Michael Heinemann &amp; Dr. Markus Heinemann<br><\/figcaption><\/figure><\/div><\/div>\n\n\n\n<div class=\"is-layout-flow wp-block-column\">\n<p><\/p>\n<\/div>\n\n\n\n<div class=\"is-layout-flow wp-block-column\">\n<p class=\"has-text-align-left\"><a href=\"mailto:info@whgmbh.de\"><\/a><\/p>\n<\/div>\n<\/div>\n\n\n\n<hr class=\"wp-block-separator has-css-opacity\"\/>\n\n\n\n<p class=\"ueberschrift\"><b>Finanzen &amp; Controlling<\/b><br><\/p>\n\n\n\n<div class=\"is-layout-flex wp-container-6 wp-block-columns alignwide has-2-columns leitung\">\n<div class=\"is-layout-flow wp-block-column\">\n<p class=\"has-text-align-left\">Mandy Gottschalk &amp; Ines Weigel<\/p>\n<\/div>\n<\/div>\n\n\n\n<hr class=\"wp-block-separator has-alpha-channel-opacity\"\/>\n\n\n\n<p><strong>Export<\/strong><br><br>Mail:\u00a0<a href=\"mailto:vertrieb@whgmbh.de\">vertrieb@whgmbh.de<\/a><\/p>\n\n\n\n<hr class=\"wp-block-separator has-css-opacity\"\/>\n\n\n\n<p class=\"ueberschrift\"><b>Vertrieb &amp; Marketing<\/b><br><br>Mail:\u00a0<a href=\"mailto:vertrieb@whgmbh.de\">vertrieb@whgmbh.de<\/a><\/p>\n\n\n\n<hr class=\"wp-block-separator has-alpha-channel-opacity\"\/>\n\n\n\n<p class=\"ueberschrift\"><strong>Zentraleinkauf \/ Personalmanagement<\/strong><br><br>Mail:\u00a0<a href=\"mailto:r.ritter@whgmbh.de\">r.ritter@whgmbh.de<\/a> <\/p>\n\n\n\n<div class=\"is-layout-constrained wp-block-group alignwide\"><div class=\"wp-block-group__inner-container\">\n<p class=\"has-text-align-left\">Ren\u00e9 Ritter<\/p>\n\n\n\n<hr class=\"wp-block-separator has-css-opacity\"\/>\n<\/div><\/div>\n\n\n\n<p class=\"ueberschrift\"><strong>Werksleiter<\/strong><\/p>\n\n\n\n<div class=\"is-layout-flex wp-container-11 wp-block-columns alignwide has-3-columns leitung\">\n<div class=\"is-layout-flow wp-block-column\"><div class=\"wp-block-image\">\n<figure class=\"aligncenter size-full is-resized\"><img decoding=\"async\" loading=\"lazy\" src=\"https:\/\/whgmbh.de\/ugruppe\/wp-content\/uploads\/2024\/01\/weidauer.png\" alt=\"\" class=\"wp-image-1039\" width=\"173\" height=\"256\" srcset=\"https:\/\/whgmbh.de\/ugruppe\/wp-content\/uploads\/2024\/01\/weidauer.png 345w, https:\/\/whgmbh.de\/ugruppe\/wp-content\/uploads\/2024\/01\/weidauer-202x300.png 202w\" sizes=\"(max-width: 173px) 100vw, 173px\" \/><figcaption class=\"wp-element-caption\">Torsten Weidauer<\/figcaption><\/figure><\/div>\n\n\n<p class=\"has-text-align-center\"><a href=\"mailto:info@gutena.de\">info@gutena.de<\/a><\/p>\n<\/div>\n\n\n\n<div class=\"is-layout-flow wp-block-column\"><div class=\"wp-block-image\">\n<figure class=\"aligncenter size-full is-resized\"><img decoding=\"async\" loading=\"lazy\" src=\"https:\/\/whgmbh.de\/ugruppe\/wp-content\/uploads\/2024\/08\/Kuester-1.png\" alt=\"\" class=\"wp-image-1089\" width=\"178\" height=\"256\" srcset=\"https:\/\/whgmbh.de\/ugruppe\/wp-content\/uploads\/2024\/08\/Kuester-1.png 220w, https:\/\/whgmbh.de\/ugruppe\/wp-content\/uploads\/2024\/08\/Kuester-1-208x300.png 208w\" sizes=\"(max-width: 178px) 100vw, 178px\" \/><figcaption class=\"wp-element-caption\">Stephan K\u00fcster<\/figcaption><\/figure><\/div>\n\n\n<p class=\"has-text-align-center\"><a href=\"mailto:info@spreewaffel.de\">info@spreewaffel.de<\/a><\/p>\n\n\n\n<p class=\"has-text-align-left\"><a href=\"mailto:info@whgmbh.de\"><\/a><\/p>\n<\/div>\n\n\n\n<div class=\"is-layout-flow wp-block-column\"><div class=\"wp-block-image\">\n<figure class=\"aligncenter is-resized\"><img decoding=\"async\" loading=\"lazy\" src=\"https:\/\/whgmbh.de\/ugruppe\/wp-content\/uploads\/2018\/03\/dennis-szymainski.jpg\" alt=\"\" class=\"wp-image-433\" width=\"212\" height=\"259\"\/><figcaption class=\"wp-element-caption\">Dennis Szymainski<\/figcaption><\/figure><\/div>\n\n\n<p class=\"has-text-align-center\"><a href=\"mailto:info@neukircher-zwieback.de\">info@neukircher-zwieback.de<\/a><\/p>\n<\/div>\n<\/div>\n","protected":false},"excerpt":{"rendered":"<p>Anschrift: Wei\u00dfenfelser Handels-Gesellschaft mbHAlfred-Junge-Stra\u00dfe 2806667 Wei\u00dfenfels Gesch\u00e4ftsleitung Finanzen &amp; Controlling Mandy Gottschalk &amp; Ines Weigel Export Mail:\u00a0vertrieb@whgmbh.de Vertrieb &amp; Marketing Mail:\u00a0vertrieb@whgmbh.de Zentraleinkauf \/ Personalmanagement &hellip; <a href=\"https:\/\/whgmbh.de\/ugruppe\/kontakt\/\" class=\"readmore\">More <span class=\"screen-reader-text\">Kontakt<\/span> &raquo;<\/a><\/p>\n","protected":false},"author":1,"featured_media":0,"parent":0,"menu_order":0,"comment_status":"closed","ping_status":"closed","template":"template-fullwidth.php","meta":[],"_links":{"self":[{"href":"https:\/\/whgmbh.de\/ugruppe\/wp-json\/wp\/v2\/pages\/35"}],"collection":[{"href":"https:\/\/whgmbh.de\/ugruppe\/wp-json\/wp\/v2\/pages"}],"about":[{"href":"https:\/\/whgmbh.de\/ugruppe\/wp-json\/wp\/v2\/types\/page"}],"author":[{"embeddable":true,"href":"https:\/\/whgmbh.de\/ugruppe\/wp-json\/wp\/v2\/users\/1"}],"replies":[{"embeddable":true,"href":"https:\/\/whgmbh.de\/ugruppe\/wp-json\/wp\/v2\/comments?post=35"}],"version-history":[{"count":92,"href":"https:\/\/whgmbh.de\/ugruppe\/wp-json\/wp\/v2\/pages\/35\/revisions"}],"predecessor-version":[{"id":1133,"href":"https:\/\/whgmbh.de\/ugruppe\/wp-json\/wp\/v2\/pages\/35\/revisions\/1133"}],"wp:attachment":[{"href":"https:\/\/whgmbh.de\/ugruppe\/wp-json\/wp\/v2\/media?parent=35"}],"curies":[{"name":"wp","href":"https:\/\/api.w.org\/{rel}","templated":true}]}}