{"id":45,"date":"2017-01-29T00:23:13","date_gmt":"2017-01-28T23:23:13","guid":{"rendered":"http:\/\/whgmbh.de\/ugruppe\/?page_id=45"},"modified":"2025-07-23T11:40:11","modified_gmt":"2025-07-23T09:40:11","slug":"impressum","status":"publish","type":"page","link":"https:\/\/whgmbh.de\/ugruppe\/impressum\/","title":{"rendered":"Impressum"},"content":{"rendered":"<p class=\"ueberschrift\"><b>Anbieter:<\/b><\/p>\n<p>Wei\u00dfenfelser Handels-Gesellschaft mbH<br \/>\nAlfred-Junge-Stra\u00dfe 28<br \/>\n06667 Wei\u00dfenfels<\/p>\n<table>\n<tbody>\n<tr>\n<td id=\"telefon\"><\/td>\n<td id=\"nummer\"><\/td>\n<\/tr>\n<tr>\n<td id=\"telefon\"><\/td>\n<td id=\"nummer\"><\/td>\n<\/tr>\n<\/tbody>\n<\/table>\n<p><a href=\"mailto:info@whgmbh.de\">datenschutz@whgmbh.de<\/a><\/p>\n<p>Vertreten durch: <b>Dr. Michael Heinemann<\/b><br \/>\nRegister: HR-B 2155 beim Amtsgericht Halle\/Saale<br \/>\nUST-ID-Nr. DE 139603833<\/p>\n<p class=\"ueberschrift\">\n<p class=\"ueberschrift\"><b>Copyright &amp; Nutzungsbedingungen<\/b><\/p>\n<p>Mit der Benutzung dieser Internetseiten erkennt der Nutzer die nachfolgenden Benutzungsbedingungen an. Die Wei\u00dfenfelser Handels-Gesellschaft mbH (nachfolgend WHG mbH) beh\u00e4lt sich das Recht vor, diese Bedingungen jederzeit zu \u00e4ndern, zu erweitern oder einer ver\u00e4nderten Rechtslage anzupassen.<\/p>\n<p><u>1. Urheberrecht<\/u><\/p>\n<p>S\u00e4mtliche auf diesen Seiten vorgenommenen Marken, Texte und Abbildungen sind urheberrechtlich, sowie durch andere gewerbliche Schutzrechte gesch\u00fctzt. F\u00fcr den privaten, pers\u00f6nlichen Gebrauch sowie f\u00fcr andere, nicht kommerzielle Zwecke ist die vollst\u00e4ndige oder auch auszugsweise Vervielf\u00e4ltigung dieser Seiten erlaubt, sofern keine inhaltlichen \u00c4nderungen vorgenommen werden: Jede Vervielf\u00e4ltigung zum Verkauf, jede \u00c4nderung, jedes Herunterladen, jede \u00dcbertragung zur Ver\u00f6ffentlichung oder andere kommerzielle Nutzung ist nicht gestattet.<\/p>\n<p><u>2. Ideeneinreichung<\/u><\/p>\n<p>Jegliche Information, die Sie auf elektronischem oder anderem Wege an diese Website \u00fcbermitteln, einschlie\u00dflich s\u00e4mtlicher Daten, Fragen, Kommentare, Vorschl\u00e4ge oder \u00e4hnlichem, werden als nicht vertrauliche Informationen behandelt. Dar\u00e4ber hinaus werden grunds\u00e4tzlich unaufgefordert eingereichte Manuskripte \u00fcber Marketingkonzepte, Werbung, Produkte, Verpackungskonzepte usw. von uns nicht akzeptiert. Wenn Sie uns gleichwohl Ideenvorschl\u00e4ge oder \u00e4hnliches zusenden, liegt in Ihrer Zusendung das Einverst\u00e4ndnis, dass alle daraus eventuell abzuleitenden Nutzungsrechte auf die WHG mbH unentgeltlich \u00fcbergehen. Die WHG mbH ist berechtigt, s\u00e4mtliche Ideen, Konzepte, Know-how oder Techniken, die in solchen Informationen enthalten sind, f\u00fcr beliebige Zwecke zu nutzen, einschlie\u00dflich, jedoch nicht beschr\u00e4nkt auf Entwicklung, Herstellung und Vertrieb von Produkten. Sollten Sie beabsichtigen, vertrauliche Informationen an die WHG mbH zu senden, so schicken Sie diese Informationen bitte ausschlie\u00dflich per Post an die oben genannte Adresse.<\/p>\n<p><u>3. Marken<\/u><\/p>\n<p>S\u00e4mtliche auf diesen Seiten abgebildeten Marken, Logos und\/oder Produktausstattungen sind Marken oder ausstattungsrechtlich f\u00fcr die WHG-Gruppe gesch\u00fctzt. Jede Benutzung dieser abgebildeten Marken, Logos und Produktausstattungen ist, soweit sie \u00fcber den unmittelbar privaten Bereich hinausgeht, ohne schriftliche Zustimmung der WHG mbH ausdr\u00fccklich untersagt.<\/p>\n<p><u>4. Verantwortlichkeit f\u00fcr Links<\/u><\/p>\n<p>S\u00e4mtliche Links oder sonstige Verweise auf den WHG mbH-Seiten sind sorgf\u00e4ltig gepr\u00fcft worden und haben nach unserer Kenntnis keinen rechtswidrigen Inhalt. Angesichts der zahlreichen Domains, deren Inhalt sich t\u00e4glich \u00e4ndern und von uns insoweit nicht \u00fcberpr\u00fcft werden k\u00f6nnen, erkl\u00e4ren wir ausdr\u00fccklich, dass wir keinerlei Einfluss auf die Gestaltung und die Inhalte der gelinkten Seiten haben. Deshalb distanzieren wir uns hiermit ausdr\u00fccklich von allen Inhalten aller gelinkten Seiten auf unserer Internetpr\u00e4senz und machen uns diese Inhalte nicht zu eigen. Diese Erkl\u00e4rung gilt ausnahmslos sowohl f\u00fcr alle auf unserer Internetpr\u00e4senz angezeigten Links, als auch f\u00fcr alle Inhalte der Seiten, zu denen diese f\u00fchren.<\/p>\n<p><u>5. Haftungsausschluss<\/u><\/p>\n<p>Auch wenn wir stets bem\u00fcht sind, auf den WHG mbH-Seiten eine gute, umfassende und st\u00e4ndig erneuerte Information zu geben, k\u00f6nnen wir keine Garantie f\u00fcr die Zugangsm\u00f6glichkeit, deren Zugriffsqualit\u00e4t oder die Art der Darstellung \u00fcbernehmen. Die Haftung f\u00fcr jegliche Art von Sch\u00e4den einschlie\u00dflich Folgesch\u00e4den, die sich aus dem Gebrauch der auf diesen Internetseiten ver\u00f6ffentlichten Informationen ergeben k\u00f6nnen, ist ausgeschlossen. Einzelne Internetseiten weisen auch auf andere Internetseiten hin, f\u00fcr deren technische und inhaltliche Ordnungsm\u00e4\u00dfigkeit wir nicht verantwortlich sind. Der Haftungsausschluss gilt auch f\u00fcr jegliche Art von Sch\u00e4den einschlie\u00dflich Folgesch\u00e4den, die sich aus der Nutzung von auf Internetseiten Dritter ver\u00f6ffentlichten Informationen ergeben k\u00f6nnen. Dieser Haftungsausschluss ist Teil des Angebots der WHG mbH. Sofern Teile oder einzelne Formulierungen dieses Textes der geltenden Rechtslage nicht, nicht vollst\u00e4ndig oder nicht mehr entsprechend gelten, bleiben die \u00fcbrigen Teile in ihrer G\u00fcltigkeit und ihrem Inhalt davon unber\u00fchrt.<\/p>\n<p><u>6. Nebenbestimmungen<\/u><\/p>\n<p>Sollte eine Bestimmung der Benutzungsbedingungen unwirksam oder undurchf\u00fchrbar sein oder werden, so bleibt die Wirksamkeit der \u00fcbrigen Bestimmungen hiervon unber\u00fchrt. Es gilt deutsches Recht. Gerichtsstand ist Wei\u00dfenfels.<\/p>\n","protected":false},"excerpt":{"rendered":"<p>Anbieter: Wei\u00dfenfelser Handels-Gesellschaft mbH Alfred-Junge-Stra\u00dfe 28 06667 Wei\u00dfenfels datenschutz@whgmbh.de Vertreten durch: Dr. Michael Heinemann Register: HR-B 2155 beim Amtsgericht Halle\/Saale UST-ID-Nr. DE 139603833 Copyright &hellip; <a href=\"https:\/\/whgmbh.de\/ugruppe\/impressum\/\" class=\"readmore\">More <span class=\"screen-reader-text\">Impressum<\/span> &raquo;<\/a><\/p>\n","protected":false},"author":1,"featured_media":0,"parent":0,"menu_order":0,"comment_status":"closed","ping_status":"closed","template":"","meta":[],"_links":{"self":[{"href":"https:\/\/whgmbh.de\/ugruppe\/wp-json\/wp\/v2\/pages\/45"}],"collection":[{"href":"https:\/\/whgmbh.de\/ugruppe\/wp-json\/wp\/v2\/pages"}],"about":[{"href":"https:\/\/whgmbh.de\/ugruppe\/wp-json\/wp\/v2\/types\/page"}],"author":[{"embeddable":true,"href":"https:\/\/whgmbh.de\/ugruppe\/wp-json\/wp\/v2\/users\/1"}],"replies":[{"embeddable":true,"href":"https:\/\/whgmbh.de\/ugruppe\/wp-json\/wp\/v2\/comments?post=45"}],"version-history":[{"count":4,"href":"https:\/\/whgmbh.de\/ugruppe\/wp-json\/wp\/v2\/pages\/45\/revisions"}],"predecessor-version":[{"id":1132,"href":"https:\/\/whgmbh.de\/ugruppe\/wp-json\/wp\/v2\/pages\/45\/revisions\/1132"}],"wp:attachment":[{"href":"https:\/\/whgmbh.de\/ugruppe\/wp-json\/wp\/v2\/media?parent=45"}],"curies":[{"name":"wp","href":"https:\/\/api.w.org\/{rel}","templated":true}]}}