{"id":6,"date":"2017-01-28T17:09:54","date_gmt":"2017-01-28T16:09:54","guid":{"rendered":"http:\/\/whgmbh.de\/ugruppe\/?page_id=6"},"modified":"2025-09-11T12:56:23","modified_gmt":"2025-09-11T10:56:23","slug":"6-2","status":"publish","type":"page","link":"https:\/\/whgmbh.de\/ugruppe\/","title":{"rendered":""},"content":{"rendered":"\n<h3 id=\"zur-whg-gruppe-gehoren\">Teil der WHG-Unternehmensgruppe sind&#8230;<\/h3>\n\n\n\n<div style=\"height:34px\" aria-hidden=\"true\" class=\"wp-block-spacer\"><\/div>\n\n\n\n<div class=\"is-layout-flex wp-container-4 wp-block-columns\">\n<div class=\"is-layout-flow wp-block-column\"><div class=\"wp-block-image\">\n<figure class=\"aligncenter is-resized\"><a href=\"https:\/\/filinchen.de\" target=\"_blank\" rel=\"noreferrer noopener\"><img decoding=\"async\" loading=\"lazy\" src=\"https:\/\/whgmbh.de\/ugruppe\/wp-content\/uploads\/2017\/10\/Filinchen.jpg\" alt=\"\" class=\"wp-image-320\" width=\"253\" height=\"100\" srcset=\"https:\/\/whgmbh.de\/ugruppe\/wp-content\/uploads\/2017\/10\/Filinchen.jpg 376w, https:\/\/whgmbh.de\/ugruppe\/wp-content\/uploads\/2017\/10\/Filinchen-300x118.jpg 300w\" sizes=\"(max-width: 253px) 100vw, 253px\" \/><\/a><figcaption class=\"wp-element-caption\"> GUTENA Nahrungsmittel GmbH <\/figcaption><\/figure><\/div>\n\n\n<p class=\"has-text-align-center\"><br><\/p>\n<\/div>\n\n\n\n<div class=\"is-layout-flow wp-block-column\"><div class=\"wp-block-image\">\n<figure class=\"aligncenter size-medium is-resized\"><a href=\"https:\/\/neukircher-zwieback.de\/\"><img decoding=\"async\" loading=\"lazy\" src=\"https:\/\/whgmbh.de\/ugruppe\/wp-content\/uploads\/2024\/01\/Neukircher_logo_NEU-300x284.png\" alt=\"\" class=\"wp-image-1001\" width=\"107\" height=\"101\" srcset=\"https:\/\/whgmbh.de\/ugruppe\/wp-content\/uploads\/2024\/01\/Neukircher_logo_NEU-300x284.png 300w, https:\/\/whgmbh.de\/ugruppe\/wp-content\/uploads\/2024\/01\/Neukircher_logo_NEU-1024x970.png 1024w, https:\/\/whgmbh.de\/ugruppe\/wp-content\/uploads\/2024\/01\/Neukircher_logo_NEU-768x727.png 768w, https:\/\/whgmbh.de\/ugruppe\/wp-content\/uploads\/2024\/01\/Neukircher_logo_NEU-1536x1454.png 1536w, https:\/\/whgmbh.de\/ugruppe\/wp-content\/uploads\/2024\/01\/Neukircher_logo_NEU-2048x1939.png 2048w\" sizes=\"(max-width: 107px) 100vw, 107px\" \/><\/a><figcaption class=\"wp-element-caption\"> Neukircher Zwieback GmbH <\/figcaption><\/figure><\/div>\n\n\n<p class=\"has-text-align-center\"><br><\/p>\n<\/div>\n\n\n\n<div class=\"is-layout-flow wp-block-column\"><div class=\"wp-block-image\">\n<figure class=\"aligncenter is-resized\"><a href=\"http:\/\/www.spreewaffel.de\" target=\"_blank\" rel=\"noreferrer noopener\"><img decoding=\"async\" loading=\"lazy\" src=\"https:\/\/whgmbh.de\/ugruppe\/wp-content\/uploads\/2018\/10\/logo_ohneWaffel-e1556535497387.png\" alt=\"\" class=\"wp-image-496\" width=\"161\" height=\"98\" srcset=\"https:\/\/whgmbh.de\/ugruppe\/wp-content\/uploads\/2018\/10\/logo_ohneWaffel-e1556535497387.png 470w, https:\/\/whgmbh.de\/ugruppe\/wp-content\/uploads\/2018\/10\/logo_ohneWaffel-e1556535497387-300x183.png 300w\" sizes=\"(max-width: 161px) 100vw, 161px\" \/><\/a><figcaption class=\"wp-element-caption\"> SPREEwaffel Berlin-Pankow GmbH <\/figcaption><\/figure><\/div>\n\n\n<p class=\"has-text-align-center\"><br><\/p>\n<\/div>\n<\/div>\n\n\n\n<figure class=\"wp-block-image size-large\"><a href=\"https:\/\/forms.gle\/Lk2hWtpABRw86mQu5\" target=\"_blank\" rel=\"noreferrer noopener\"><img decoding=\"async\" loading=\"lazy\" width=\"1024\" height=\"522\" src=\"https:\/\/whgmbh.de\/ugruppe\/wp-content\/uploads\/2025\/09\/Zwischenablage_09-10-2025_011-1024x522.png\" alt=\"\" class=\"wp-image-1135\" srcset=\"https:\/\/whgmbh.de\/ugruppe\/wp-content\/uploads\/2025\/09\/Zwischenablage_09-10-2025_011-1024x522.png 1024w, https:\/\/whgmbh.de\/ugruppe\/wp-content\/uploads\/2025\/09\/Zwischenablage_09-10-2025_011-300x153.png 300w, https:\/\/whgmbh.de\/ugruppe\/wp-content\/uploads\/2025\/09\/Zwischenablage_09-10-2025_011-768x391.png 768w, https:\/\/whgmbh.de\/ugruppe\/wp-content\/uploads\/2025\/09\/Zwischenablage_09-10-2025_011.png 1280w\" sizes=\"(max-width: 1024px) 100vw, 1024px\" \/><\/a><\/figure>\n\n\n\n<figure class=\"is-layout-flex wp-block-gallery-5 wp-block-gallery has-nested-images columns-5 is-cropped\">\n<figure class=\"wp-block-image size-full\"><img decoding=\"async\" loading=\"lazy\" width=\"198\" height=\"176\" data-id=\"1018\"  src=\"https:\/\/whgmbh.de\/ugruppe\/wp-content\/uploads\/2024\/01\/Knusperbrot.png\" alt=\"\" class=\"wp-image-1018\"\/><figcaption class=\"wp-element-caption\">Knusperbrote<\/figcaption><\/figure>\n\n\n\n<figure class=\"wp-block-image size-full\"><img decoding=\"async\" loading=\"lazy\" width=\"198\" height=\"176\" data-id=\"1019\"  src=\"https:\/\/whgmbh.de\/ugruppe\/wp-content\/uploads\/2024\/01\/Suesse_Knabbereien.png\" alt=\"\" class=\"wp-image-1019\"\/><figcaption class=\"wp-element-caption\">S\u00fc\u00dfe Knabbereien<\/figcaption><\/figure>\n\n\n\n<figure class=\"wp-block-image size-full\"><img decoding=\"async\" loading=\"lazy\" width=\"198\" height=\"176\" data-id=\"1021\"  src=\"https:\/\/whgmbh.de\/ugruppe\/wp-content\/uploads\/2024\/01\/Herzhafte_knabbereien.png\" alt=\"\" class=\"wp-image-1021\"\/><figcaption class=\"wp-element-caption\">Knusprige Snacks<\/figcaption><\/figure>\n\n\n\n<figure class=\"wp-block-image size-full\"><img decoding=\"async\" loading=\"lazy\" width=\"198\" height=\"176\" data-id=\"1022\"  src=\"https:\/\/whgmbh.de\/ugruppe\/wp-content\/uploads\/2024\/01\/Zwieback.png\" alt=\"\" class=\"wp-image-1022\"\/><figcaption class=\"wp-element-caption\">Zwieback<\/figcaption><\/figure>\n\n\n\n<figure class=\"wp-block-image size-full\"><img decoding=\"async\" loading=\"lazy\" width=\"198\" height=\"176\" data-id=\"1023\"  src=\"https:\/\/whgmbh.de\/ugruppe\/wp-content\/uploads\/2024\/01\/waffeln.png\" alt=\"\" class=\"wp-image-1023\"\/><figcaption class=\"wp-element-caption\">Gef\u00fcllte Waffeln<\/figcaption><\/figure>\n<\/figure>\n\n\n\n<p> <\/p>\n\n\n<p class=\"has-text-align-center wp-block-site-tagline has-medium-font-size\">Wir sind knuspern.<\/p>\n\n\n<p>Unsere  mittelst\u00e4ndische Unternehmensgruppe steht bereits seit mehr als 20  Jahren f\u00fcr die Verbindung von Tradition und Innovation. Unsere besondere Unternehmensstruktur erlaubt die Generierung von kundenspezifischen  Produkten mit h\u00f6chsten Qualit\u00e4tsstandards unter Verwendung neuster Nahrungsmitteltechnologien und nat\u00fcrlichen Rohstoffen. <\/p>\n\n\n\n<p>Die aktive  Zusammenarbeit mit der Ern\u00e4hrungswissenschaft (z.B. FSU Jena, TU Dresden  sowie in verschiedenen Forschungsgruppen) gepaart mit unserer flexiblen  Produktions- und Vermarktungsstrategie f\u00fchrt zu der besonderen St\u00e4rke  der WHG-Unternehmensgruppe: <\/p>\n\n\n\n<h4 class=\"has-text-align-center zitat\"> <\/h4>\n\n\n\n<div class=\"wp-block-media-text alignwide is-stacked-on-mobile\" style=\"grid-template-columns:32% auto\"><figure class=\"wp-block-media-text__media\"><img decoding=\"async\" loading=\"lazy\" width=\"643\" height=\"555\" src=\"https:\/\/whgmbh.de\/ugruppe\/wp-content\/uploads\/2024\/01\/drh_klein_png.png\" alt=\"\" class=\"wp-image-998 size-full\" srcset=\"https:\/\/whgmbh.de\/ugruppe\/wp-content\/uploads\/2024\/01\/drh_klein_png.png 643w, https:\/\/whgmbh.de\/ugruppe\/wp-content\/uploads\/2024\/01\/drh_klein_png-300x259.png 300w\" sizes=\"(max-width: 643px) 100vw, 643px\" \/><\/figure><div class=\"wp-block-media-text__content\">\n<p>\u201cDie Entwicklung und Produktion von innovativen und nat\u00fcrlichen Nahrungsmitteln ganz nach den W\u00fcnschen unserer Kunden\u201d<\/p>\n\n\n\n<p>Dr. Michael Heinemann<br>Gesch\u00e4ftsf\u00fchrer der WHGmbH<\/p>\n<\/div><\/div>\n\n\n\n<p class=\"has-text-align-center\"><\/p>\n","protected":false},"excerpt":{"rendered":"<p>Teil der WHG-Unternehmensgruppe sind&#8230; Unsere mittelst\u00e4ndische Unternehmensgruppe steht bereits seit mehr als 20 Jahren f\u00fcr die Verbindung von Tradition und Innovation. Unsere besondere Unternehmensstruktur &hellip; <a href=\"https:\/\/whgmbh.de\/ugruppe\/\" class=\"readmore\">More <span class=\"screen-reader-text\"><\/span> &raquo;<\/a><\/p>\n","protected":false},"author":1,"featured_media":0,"parent":0,"menu_order":0,"comment_status":"closed","ping_status":"closed","template":"template-fullwidth.php","meta":[],"_links":{"self":[{"href":"https:\/\/whgmbh.de\/ugruppe\/wp-json\/wp\/v2\/pages\/6"}],"collection":[{"href":"https:\/\/whgmbh.de\/ugruppe\/wp-json\/wp\/v2\/pages"}],"about":[{"href":"https:\/\/whgmbh.de\/ugruppe\/wp-json\/wp\/v2\/types\/page"}],"author":[{"embeddable":true,"href":"https:\/\/whgmbh.de\/ugruppe\/wp-json\/wp\/v2\/users\/1"}],"replies":[{"embeddable":true,"href":"https:\/\/whgmbh.de\/ugruppe\/wp-json\/wp\/v2\/comments?post=6"}],"version-history":[{"count":72,"href":"https:\/\/whgmbh.de\/ugruppe\/wp-json\/wp\/v2\/pages\/6\/revisions"}],"predecessor-version":[{"id":1138,"href":"https:\/\/whgmbh.de\/ugruppe\/wp-json\/wp\/v2\/pages\/6\/revisions\/1138"}],"wp:attachment":[{"href":"https:\/\/whgmbh.de\/ugruppe\/wp-json\/wp\/v2\/media?parent=6"}],"curies":[{"name":"wp","href":"https:\/\/api.w.org\/{rel}","templated":true}]}}